{"id":105,"date":"2021-06-15T16:13:06","date_gmt":"2021-06-15T14:13:06","guid":{"rendered":"https:\/\/s.idsl.pl\/?page_id=105"},"modified":"2021-06-22T11:39:40","modified_gmt":"2021-06-22T09:39:40","slug":"rekrutacja","status":"publish","type":"page","link":"https:\/\/s.idsl.pl\/?page_id=105","title":{"rendered":"PUNKTY REKRUTACYJNE"},"content":{"rendered":"<p>Zapraszamy na nasze studia.<\/p>\n<p><strong>Zapisy osobi\u015bcie i telefonicznie<\/strong> w punktach rekrutacyjnych::<\/p>\n<p><strong>Modli\u0144ska\u00a051, 03-199 Warszawa (A, Parking bezp\u0142atny),<\/strong><br \/>\ntel. +48 572 603 125<br \/>\n<strong>Pa\u0142ac Kultury i Nauki, Plac Defilad 1, 00-901 Warszawa (PKP DC, M1, A, T, Parking p\u0142atny),<\/strong><br \/>\ntel. +48 506 316 553<br \/>\n<strong>Gr\u00f3jecka\u00a0208, 02-120 Warszawa (A, T, Parking),<\/strong><br \/>\ntel. +48 506 316 377<br \/>\nPracujemy poniedzia\u0142ek-pi\u0105tek w godz. 10.00-17.00, sob. 10.00-14.00.<\/p>\n<p>Aktualnie na przybycie osobiste najlepiej jest um\u00f3wi\u0107 si\u0119 telefonicznie, je\u015bli to mo\u017cliwe z wyprzedzeniem!<\/p>\n<div><strong>Zapisy przez internet:<\/strong>\u00a0<a href=\"http:\/\/zapisy.edu.pl\/\" target=\"_blank\" rel=\"noopener noreferrer\">zapisy.edu.pl<\/a><\/div>\n<div><strong>Zapisy przez e-mail:<\/strong>\u00a0<a href=\"mailto:lingwistyczne@zapisy.edu.pl\">lingwistyczne@zapisy.edu.pl<\/a><br \/>\n<strong>Zapisy telefon telefoniczne:<\/strong>\u00a0tel. +48 22 371 03 30<\/div>\n<p>Sprawd\u017a nasze atrakcyjne ceny!<\/p>\n","protected":false},"excerpt":{"rendered":"<p>Zapraszamy na nasze studia. Zapisy osobi\u015bcie i telefonicznie w punktach rekrutacyjnych:: Modli\u0144ska\u00a051, 03-199 Warszawa (A, Parking bezp\u0142atny), tel. +48 572<\/p>\n<p><a href=\"https:\/\/s.idsl.pl\/?page_id=105\" class=\"more-link\">Kontynuuj czytanie<span class=\"screen-reader-text\">PUNKTY REKRUTACYJNE<\/span><\/a><\/p>\n","protected":false},"author":1,"featured_media":0,"parent":0,"menu_order":0,"comment_status":"closed","ping_status":"closed","template":"","meta":{"footnotes":""},"class_list":["post-105","page","type-page","status-publish","hentry"],"_links":{"self":[{"href":"https:\/\/s.idsl.pl\/index.php?rest_route=\/wp\/v2\/pages\/105","targetHints":{"allow":["GET"]}}],"collection":[{"href":"https:\/\/s.idsl.pl\/index.php?rest_route=\/wp\/v2\/pages"}],"about":[{"href":"https:\/\/s.idsl.pl\/index.php?rest_route=\/wp\/v2\/types\/page"}],"author":[{"embeddable":true,"href":"https:\/\/s.idsl.pl\/index.php?rest_route=\/wp\/v2\/users\/1"}],"replies":[{"embeddable":true,"href":"https:\/\/s.idsl.pl\/index.php?rest_route=%2Fwp%2Fv2%2Fcomments&post=105"}],"version-history":[{"count":22,"href":"https:\/\/s.idsl.pl\/index.php?rest_route=\/wp\/v2\/pages\/105\/revisions"}],"predecessor-version":[{"id":234,"href":"https:\/\/s.idsl.pl\/index.php?rest_route=\/wp\/v2\/pages\/105\/revisions\/234"}],"wp:attachment":[{"href":"https:\/\/s.idsl.pl\/index.php?rest_route=%2Fwp%2Fv2%2Fmedia&parent=105"}],"curies":[{"name":"wp","href":"https:\/\/api.w.org\/{rel}","templated":true}]}}