{"id":152,"date":"2021-06-16T14:36:08","date_gmt":"2021-06-16T12:36:08","guid":{"rendered":"https:\/\/s.idsl.pl\/?page_id=152"},"modified":"2021-06-17T11:06:46","modified_gmt":"2021-06-17T09:06:46","slug":"studia-ii-stopnia","status":"publish","type":"page","link":"https:\/\/s.idsl.pl\/?page_id=152","title":{"rendered":"Studia II stopnia"},"content":{"rendered":"<div><b>STUDIA LINGWISTYCZNE<\/b><\/div>\n<div><\/div>\n<div><strong>Studia II stopnia (magisterskie)<\/strong><\/div>\n<div><\/div>\n<div>STUDIA LINGWISTYCZNE DOST\u0118PNE DLA WSZYSTKICH KANDYDAT\u00d3W NIEZALE\u017bNIE OD\u00a0UKO\u0143CZONEGO KIERUNKU STUDI\u00d3W I STOPNIA<\/div>\n<div><\/div>\n<div><a href=\"https:\/\/s.idsl.pl\/?page_id=155\">ANGLISTYKA (filologia angielska)<\/a><\/div>\n<div><a href=\"https:\/\/s.idsl.pl\/?page_id=157\">GERMANISTYKA (filologia niemiecka)<\/a><\/div>\n<div><a href=\"https:\/\/s.idsl.pl\/?page_id=159\">ROMANISTYKA (filologia francuska)<\/a><\/div>\n<div><a href=\"https:\/\/s.idsl.pl\/?page_id=161\">IBERYSTYKA (filologia hiszpa\u0144ska<\/a><\/div>\n<div><a href=\"https:\/\/s.idsl.pl\/?page_id=163\">ITALIANISTYKA (filologia w\u0142oska)<\/a><\/div>\n<div><a href=\"https:\/\/s.idsl.pl\/?page_id=165\">RUSYCYSTYKA (filologia rosyjska)<\/a><\/div>\n<div><\/div>\n","protected":false},"excerpt":{"rendered":"<p>STUDIA LINGWISTYCZNE Studia II stopnia (magisterskie) STUDIA LINGWISTYCZNE DOST\u0118PNE DLA WSZYSTKICH KANDYDAT\u00d3W NIEZALE\u017bNIE OD\u00a0UKO\u0143CZONEGO KIERUNKU STUDI\u00d3W I STOPNIA ANGLISTYKA (filologia<\/p>\n<p><a href=\"https:\/\/s.idsl.pl\/?page_id=152\" class=\"more-link\">Kontynuuj czytanie<span class=\"screen-reader-text\">Studia II stopnia<\/span><\/a><\/p>\n","protected":false},"author":1,"featured_media":0,"parent":0,"menu_order":0,"comment_status":"closed","ping_status":"closed","template":"","meta":{"footnotes":""},"class_list":["post-152","page","type-page","status-publish","hentry"],"_links":{"self":[{"href":"https:\/\/s.idsl.pl\/index.php?rest_route=\/wp\/v2\/pages\/152","targetHints":{"allow":["GET"]}}],"collection":[{"href":"https:\/\/s.idsl.pl\/index.php?rest_route=\/wp\/v2\/pages"}],"about":[{"href":"https:\/\/s.idsl.pl\/index.php?rest_route=\/wp\/v2\/types\/page"}],"author":[{"embeddable":true,"href":"https:\/\/s.idsl.pl\/index.php?rest_route=\/wp\/v2\/users\/1"}],"replies":[{"embeddable":true,"href":"https:\/\/s.idsl.pl\/index.php?rest_route=%2Fwp%2Fv2%2Fcomments&post=152"}],"version-history":[{"count":5,"href":"https:\/\/s.idsl.pl\/index.php?rest_route=\/wp\/v2\/pages\/152\/revisions"}],"predecessor-version":[{"id":193,"href":"https:\/\/s.idsl.pl\/index.php?rest_route=\/wp\/v2\/pages\/152\/revisions\/193"}],"wp:attachment":[{"href":"https:\/\/s.idsl.pl\/index.php?rest_route=%2Fwp%2Fv2%2Fmedia&parent=152"}],"curies":[{"name":"wp","href":"https:\/\/api.w.org\/{rel}","templated":true}]}}