{"id":167,"date":"2021-06-16T14:46:54","date_gmt":"2021-06-16T12:46:54","guid":{"rendered":"https:\/\/s.idsl.pl\/?page_id=167"},"modified":"2021-06-16T14:47:04","modified_gmt":"2021-06-16T12:47:04","slug":"167-2","status":"publish","type":"page","link":"https:\/\/s.idsl.pl\/?page_id=167","title":{"rendered":"Studia Podyplomowe"},"content":{"rendered":"<h2>Studia Podyplomowe<\/h2>\n<p>Prowadzone przez Europejsk\u0105 Uczelni\u0119 w Warszawie studia podyplomowe umo\u017cliwiaj\u0105 podwy\u017cszenie i uzupe\u0142nienie kwalifikacji i kompetencji zawodowych, wzgl\u0119dnie ich zmian\u0119, adekwatnie do aktualnych potrzeb pracodawc\u00f3w.<\/p>\n","protected":false},"excerpt":{"rendered":"<p>Studia Podyplomowe Prowadzone przez Europejsk\u0105 Uczelni\u0119 w Warszawie studia podyplomowe umo\u017cliwiaj\u0105 podwy\u017cszenie i uzupe\u0142nienie kwalifikacji i kompetencji zawodowych, wzgl\u0119dnie ich<\/p>\n<p><a href=\"https:\/\/s.idsl.pl\/?page_id=167\" class=\"more-link\">Kontynuuj czytanie<span class=\"screen-reader-text\">Studia Podyplomowe<\/span><\/a><\/p>\n","protected":false},"author":1,"featured_media":0,"parent":0,"menu_order":0,"comment_status":"closed","ping_status":"closed","template":"","meta":{"footnotes":""},"class_list":["post-167","page","type-page","status-publish","hentry"],"_links":{"self":[{"href":"https:\/\/s.idsl.pl\/index.php?rest_route=\/wp\/v2\/pages\/167","targetHints":{"allow":["GET"]}}],"collection":[{"href":"https:\/\/s.idsl.pl\/index.php?rest_route=\/wp\/v2\/pages"}],"about":[{"href":"https:\/\/s.idsl.pl\/index.php?rest_route=\/wp\/v2\/types\/page"}],"author":[{"embeddable":true,"href":"https:\/\/s.idsl.pl\/index.php?rest_route=\/wp\/v2\/users\/1"}],"replies":[{"embeddable":true,"href":"https:\/\/s.idsl.pl\/index.php?rest_route=%2Fwp%2Fv2%2Fcomments&post=167"}],"version-history":[{"count":2,"href":"https:\/\/s.idsl.pl\/index.php?rest_route=\/wp\/v2\/pages\/167\/revisions"}],"predecessor-version":[{"id":169,"href":"https:\/\/s.idsl.pl\/index.php?rest_route=\/wp\/v2\/pages\/167\/revisions\/169"}],"wp:attachment":[{"href":"https:\/\/s.idsl.pl\/index.php?rest_route=%2Fwp%2Fv2%2Fmedia&parent=167"}],"curies":[{"name":"wp","href":"https:\/\/api.w.org\/{rel}","templated":true}]}}