{"id":170,"date":"2021-06-16T14:49:24","date_gmt":"2021-06-16T12:49:24","guid":{"rendered":"https:\/\/s.idsl.pl\/?page_id=170"},"modified":"2021-06-16T14:49:24","modified_gmt":"2021-06-16T12:49:24","slug":"jezyk-obcy-w-edukacji-przedszkolnej-i-wczesnoszkolnej-dla-osob-z-udokumentowana-znajomoscia-jezyka","status":"publish","type":"page","link":"https:\/\/s.idsl.pl\/?page_id=170","title":{"rendered":"J\u0119zyk obcy w edukacji przedszkolnej i wczesnoszkolnej (dla os\u00f3b z udokumentowan\u0105 znajomo\u015bci\u0105 j\u0119zyka)"},"content":{"rendered":"<h2><a name=\"_Toc74475316\"><\/a><a name=\"_Toc66846579\"><\/a><a name=\"_Toc66792189\"><\/a>J\u0119zyk obcy w edukacji przedszkolnej i wczesnoszkolnej (dla os\u00f3b z udokumentowan\u0105 znajomo\u015bci\u0105 j\u0119zyka)<\/h2>\n<h3><a name=\"_Toc66846580\"><\/a><a name=\"_Toc66792190\"><\/a>OG\u00d3LNA CHARAKTERYSTYKA<\/h3>\n<p>Studia podyplomowe adresowane do nauczycieli i os\u00f3b posiadaj\u0105cych przygotowanie pedagogiczne w zakresie edukacji przedszkolnej i wczesnoszkolnej oraz udokumentowan\u0105 znajomo\u015b\u0107 j\u0119zyka angielskiego. Umo\u017cliwiaj\u0105 one nabycie uprawnie\u0144 do nauczania j\u0119zyka angielskiego.<\/p>\n<h3><a name=\"_Toc66846581\"><\/a><a name=\"_Toc66792191\"><\/a>CELE STUDI\u00d3W<\/h3>\n<p>Zdobycie kwalifikacji i kompetencji niezb\u0119dnych do nauczania j\u0119zyka angielskiego na poziomie edukacji przedszkolnej i wczesnoszkolnej wg Rozporz\u0105dzenia Ministra Edukacji Narodowej z dnia 1 sierpnia 2017 r. w sprawie szczeg\u00f3\u0142owych kwalifikacji wymaganych od nauczycieli.<\/p>\n<h3><a name=\"_Toc66846582\"><\/a><a name=\"_Toc66792192\"><\/a>WYMAGANIA I ZASADY REKRUTACJI<\/h3>\n<p>Studia przeznaczone dla os\u00f3b z udokumentowan\u0105 znajomo\u015bci\u0105 j\u0119zyka obcego na poziomie B2.<\/p>\n<p>Zasady rekrutacji: Decyduje kolejno\u015b\u0107 zg\u0142osze\u0144.<\/p>\n<h3><a name=\"_Toc66846583\"><\/a><a name=\"_Toc66792193\"><\/a>KWALIFIKACJE UZYSKIWANE PRZEZ ABSOLWENTA<\/h3>\n<p>Absolwent uzyska wymagane kwalifikacje oraz b\u0119dzie dysponowa\u0142 wiedz\u0105 teoretyczn\u0105 i praktyczn\u0105 w zakresie przygotowania do prowadzenia zaj\u0119\u0107 z j\u0119zyka angielskiego na etapie edukacji przedszkolnej i wczesnoszkolnej. B\u0119dzie potrafi\u0142 w\u0142\u0105cza\u0107 zaj\u0119cia z j\u0119zyka angielskiego do procesu wychowania przedszkolnego i edukacji wczesnoszkolnej, maj\u0105c przy tym bogaty metodyczny warsztat pracy i merytoryczne przygotowanie do pracy z j\u0119zykiem obcym z dzie\u0107mi.<\/p>\n<h3><a name=\"_Toc66846584\"><\/a><a name=\"_Toc66792194\"><\/a>WARUNKI UZYSKANIA \u015aWIADECTWA<\/h3>\n<p>Warunkiem uko\u0144czenia studi\u00f3w i uzyskania \u015bwiadectwa s\u0105 pozytywne wyniki z wszystkich zalicze\u0144 i egzamin\u00f3w oraz przygotowanie pracy dyplomowej i jej prezentacja w trakcie egzaminu dyplomowego.<\/p>\n<h3><a name=\"_Toc66846585\"><\/a><a name=\"_Toc66792195\"><\/a>PLAN STUDI\u00d3W<\/h3>\n<p>Studia podyplomowe, niestacjonarne, 2 semestry \u2013 170 godzin, zgodnie z Rozporz\u0105dzeniem Ministra Nauki i Szkolnictwa Wy\u017cszego z dnia 25 lipca 2019 r. w sprawie standardu kszta\u0142cenia przygotowuj\u0105cego do wykonywania zawodu nauczyciela.<\/p>\n<p>&nbsp;<\/p>\n<h3><a name=\"_Toc66846586\"><\/a><a name=\"_Toc66792196\"><\/a>TEMATYKA ZAJ\u0118\u0106<\/h3>\n<ul>\n<li>Psychologiczne i pedagogiczne podstawy nauczania j\u0119zyka obcego na etapie wczesnej edukacji<\/li>\n<li>Dydaktyka (wybranego) j\u0119zyka<\/li>\n<li>Metodyka nauczania (wybranego) j\u0119zyka na etapie wczesnej edukacji<\/li>\n<li>Warsztaty metodyczne: Gry i zabawy w nauczaniu (wybranego) j\u0119zyka<\/li>\n<li>J\u0119zyk obcy dla nauczycieli wczesnej edukacji &#8211; praktyczna nauka (wybranego) j\u0119zyka<\/li>\n<li>Wst\u0119p do j\u0119zykoznawstwa<\/li>\n<li>Fonetyka i fonologia (wybranego) j\u0119zyka<\/li>\n<li>Gramatyka opisowa (wybranego) j\u0119zyka<\/li>\n<li>Praktyka zawodowa<\/li>\n<li>Seminarium dyplomowe<\/li>\n<\/ul>\n<h3><a name=\"_Toc66846587\"><\/a><a name=\"_Toc66792197\"><\/a>OFEROWANE J\u0118ZYKI OBCE DO WYBORU<\/h3>\n<p>Aktualnie oferujemy nast\u0119puj\u0105ce j\u0119zyki:<\/p>\n<ul>\n<li>angielski<\/li>\n<li>niemiecki<\/li>\n<li>francuski<\/li>\n<li>w\u0142oski<\/li>\n<li>hiszpa\u0144ski<\/li>\n<li>rosyjski<\/li>\n<\/ul>\n","protected":false},"excerpt":{"rendered":"<p>J\u0119zyk obcy w edukacji przedszkolnej i wczesnoszkolnej (dla os\u00f3b z udokumentowan\u0105 znajomo\u015bci\u0105 j\u0119zyka) OG\u00d3LNA CHARAKTERYSTYKA Studia podyplomowe adresowane do nauczycieli<\/p>\n<p><a href=\"https:\/\/s.idsl.pl\/?page_id=170\" class=\"more-link\">Kontynuuj czytanie<span class=\"screen-reader-text\">J\u0119zyk obcy w edukacji przedszkolnej i wczesnoszkolnej (dla os\u00f3b z udokumentowan\u0105 znajomo\u015bci\u0105 j\u0119zyka)<\/span><\/a><\/p>\n","protected":false},"author":1,"featured_media":0,"parent":0,"menu_order":0,"comment_status":"closed","ping_status":"closed","template":"","meta":{"footnotes":""},"class_list":["post-170","page","type-page","status-publish","hentry"],"_links":{"self":[{"href":"https:\/\/s.idsl.pl\/index.php?rest_route=\/wp\/v2\/pages\/170","targetHints":{"allow":["GET"]}}],"collection":[{"href":"https:\/\/s.idsl.pl\/index.php?rest_route=\/wp\/v2\/pages"}],"about":[{"href":"https:\/\/s.idsl.pl\/index.php?rest_route=\/wp\/v2\/types\/page"}],"author":[{"embeddable":true,"href":"https:\/\/s.idsl.pl\/index.php?rest_route=\/wp\/v2\/users\/1"}],"replies":[{"embeddable":true,"href":"https:\/\/s.idsl.pl\/index.php?rest_route=%2Fwp%2Fv2%2Fcomments&post=170"}],"version-history":[{"count":1,"href":"https:\/\/s.idsl.pl\/index.php?rest_route=\/wp\/v2\/pages\/170\/revisions"}],"predecessor-version":[{"id":171,"href":"https:\/\/s.idsl.pl\/index.php?rest_route=\/wp\/v2\/pages\/170\/revisions\/171"}],"wp:attachment":[{"href":"https:\/\/s.idsl.pl\/index.php?rest_route=%2Fwp%2Fv2%2Fmedia&parent=170"}],"curies":[{"name":"wp","href":"https:\/\/api.w.org\/{rel}","templated":true}]}}