{"id":172,"date":"2021-06-16T14:51:31","date_gmt":"2021-06-16T12:51:31","guid":{"rendered":"https:\/\/s.idsl.pl\/?page_id=172"},"modified":"2021-06-16T14:51:31","modified_gmt":"2021-06-16T12:51:31","slug":"jezyk-obcy-w-edukacji-przedszkolnej-i-wczesnoszkolnej-dla-osob-bez-udokumentowanej-znajomosci-jezyka","status":"publish","type":"page","link":"https:\/\/s.idsl.pl\/?page_id=172","title":{"rendered":"J\u0119zyk obcy w edukacji przedszkolnej i wczesnoszkolnej (dla os\u00f3b bez udokumentowanej znajomo\u015bci j\u0119zyka)"},"content":{"rendered":"<h2><a name=\"_Toc74475317\"><\/a><a name=\"_Toc66846588\"><\/a><a name=\"_Toc66792198\"><\/a>J\u0119zyk obcy w edukacji przedszkolnej i wczesnoszkolnej (dla os\u00f3b bez udokumentowanej znajomo\u015bci j\u0119zyka)<\/h2>\n<p>Studia podyplomowe w Europejskiej Uczelni w Warszawie \u201eJ\u0119zyk obcy w edukacji przedszkolnej i wczesnoszkolnej\u201d s\u0105 adresowane do nauczycieli i os\u00f3b posiadaj\u0105cych przygotowanie pedagogiczne, zainteresowanych uzyskaniem przygotowania j\u0119zykowego i merytorycznego oraz kwalifikacji metodycznych w zakresie nauczania wybranego j\u0119zyka obcego na poziomie edukacji przedszkolnej i wczesnoszkolnej.<\/p>\n<p>Podczas studi\u00f3w intensywne doskonalenie j\u0119zyka umo\u017cliwi przyst\u0105pienie do certyfikowanego egzaminu z j\u0119zyka obcego, niezb\u0119dnego do uzyskania pe\u0142nych kwalifikacji do nauczania tego j\u0119zyka.<\/p>\n<p>Dla absolwent\u00f3w studi\u00f3w pierwszego stopnia innych kierunk\u00f3w ni\u017c filologia wybranego j\u0119zyka jest mo\u017cliwo\u015b\u0107 podj\u0119cia r\u00f3wnolegle studi\u00f3w pierwszego stopnia z wybranego j\u0119zyka.<\/p>\n<h3><a name=\"_Toc66846589\"><\/a><a name=\"_Toc66792199\"><\/a>CELE STUDI\u00d3W<\/h3>\n<p>Zdobycie kwalifikacji i kompetencji niezb\u0119dnych do nauczania j\u0119zyka obcego na poziomie edukacji przedszkolnej i wczesnoszkolnej.<\/p>\n<p>Podniesienie poziomu wiedzy merytorycznej i metodycznej zainteresowanych os\u00f3b w zakresie prawid\u0142owo\u015bci przyswajania j\u0119zyka oraz stosowania metod i technik nauczania j\u0119zyka, niezb\u0119dnych w pracy dydaktycznej na etapie edukacji przedszkolnej i wczesnoszkolnej.<\/p>\n<p>Doskonalenie j\u0119zyka w zakresie sprawno\u015bci j\u0119zykowych, takich jak: czytanie i s\u0142uchanie ze zrozumieniem, pisanie, m\u00f3wienie, znajomo\u015b\u0107 struktur gramatyczno-leksykalnych na poziomie B2 oraz przygotowanie do przyst\u0105pienia do egzaminu nadaj\u0105cego kwalifikacje.<\/p>\n<h3><a name=\"_Toc66846590\"><\/a><a name=\"_Toc66792200\"><\/a>KWALIFIKACJE UZYSKIWANE PRZEZ ABSOLWENTA<\/h3>\n<p>Absolwent uzyska wymagane kwalifikacje oraz b\u0119dzie dysponowa\u0142 wiedz\u0105 teoretyczn\u0105 i praktyczn\u0105 w zakresie przygotowania do prowadzenia zaj\u0119\u0107 z j\u0119zyka obcego na etapie edukacji przedszkolnej i wczesnoszkolnej. B\u0119dzie potrafi\u0142 w\u0142\u0105cza\u0107 zaj\u0119cia z j\u0119zyka obcego do procesu wychowania przedszkolnego i edukacji wczesnoszkolnej, maj\u0105c przy tym bogaty metodyczny warsztat pracy i merytoryczne przygotowanie do pracy z j\u0119zykiem obcym z dzie\u0107mi.<\/p>\n<p>Po zako\u0144czeniu studi\u00f3w oraz uzyskaniu certyfikatu potwierdzaj\u0105cego znajomo\u015b\u0107 j\u0119zyka angielskiego na poziomie B2 absolwent otrzyma pe\u0142ne kwalifikacje do nauczania j\u0119zyka w plac\u00f3wkach o\u015bwiatowych i edukacyjnych, takich jak: przedszkola, klasy I-III szko\u0142y podstawowej oraz szko\u0142y j\u0119zykowe.<\/p>\n<h3><a name=\"_Toc66846591\"><\/a><a name=\"_Toc66792201\"><\/a>WARUNKI UZYSKANIA \u015aWIADECTWA<\/h3>\n<p>Warunkiem uko\u0144czenia studi\u00f3w i uzyskania \u015bwiadectwa s\u0105 pozytywne wyniki z wszystkich zalicze\u0144 i egzamin\u00f3w oraz przygotowanie pracy dyplomowej i jej prezentacja w trakcie egzaminu dyplomowego.<\/p>\n<h3><a name=\"_Toc66846592\"><\/a><a name=\"_Toc66792202\"><\/a>PLAN STUDI\u00d3W<\/h3>\n<p>Studia podyplomowe, niestacjonarne, 3 semestry \u2013 350 godzin, zgodnie z Rozporz\u0105dzeniem Ministra Nauki i Szkolnictwa Wy\u017cszego z dnia 25 lipca 2019 r. w sprawie standardu kszta\u0142cenia przygotowuj\u0105cego do wykonywania zawodu nauczyciela.<\/p>\n<h3><a name=\"_Toc66846593\"><\/a><a name=\"_Toc66792203\"><\/a>TEMATYKA ZAJ\u0118\u0106<\/h3>\n<p>Tematyka zaj\u0119\u0107 obejmuje:<\/p>\n<ul>\n<li>Psychologiczne i pedagogiczne podstawy nauczania j\u0119zyka obcego na etapie wczesnej edukacji<\/li>\n<li>Dydaktyka (wybranego) j\u0119zyka<\/li>\n<li>Metodyka nauczania (wybranego) j\u0119zyka na etapie wczesnej edukacji<\/li>\n<li>Warsztaty metodyczne: Gry i zabawy w nauczaniu (wybranego) j\u0119zyka<\/li>\n<li>J\u0119zyk obcy dla nauczycieli wczesnej edukacji &#8211; praktyczna nauka (wybranego) j\u0119zyka<\/li>\n<li>Wst\u0119p do j\u0119zykoznawstwa<\/li>\n<li>Fonetyka i fonologia (wybranego) j\u0119zyka<\/li>\n<li>Gramatyka opisowa (wybranego) j\u0119zyka<\/li>\n<li>Praktyka zawodowa<\/li>\n<li>Seminarium dyplomowe<\/li>\n<\/ul>\n<h3><a name=\"_Toc66846594\"><\/a><a name=\"_Toc66792204\"><\/a>OFEROWANE J\u0118ZYKI OBCE DO WYBORU<\/h3>\n<p>Aktualnie oferujemy nast\u0119puj\u0105ce j\u0119zyki:<\/p>\n<ul>\n<li>angielski<\/li>\n<li>niemiecki<\/li>\n<li>francuski<\/li>\n<li>w\u0142oski<\/li>\n<li>hiszpa\u0144ski<\/li>\n<li>rosyjski<\/li>\n<\/ul>\n","protected":false},"excerpt":{"rendered":"<p>J\u0119zyk obcy w edukacji przedszkolnej i wczesnoszkolnej (dla os\u00f3b bez udokumentowanej znajomo\u015bci j\u0119zyka) Studia podyplomowe w Europejskiej Uczelni w Warszawie<\/p>\n<p><a href=\"https:\/\/s.idsl.pl\/?page_id=172\" class=\"more-link\">Kontynuuj czytanie<span class=\"screen-reader-text\">J\u0119zyk obcy w edukacji przedszkolnej i wczesnoszkolnej (dla os\u00f3b bez udokumentowanej znajomo\u015bci j\u0119zyka)<\/span><\/a><\/p>\n","protected":false},"author":1,"featured_media":0,"parent":0,"menu_order":0,"comment_status":"closed","ping_status":"closed","template":"","meta":{"footnotes":""},"class_list":["post-172","page","type-page","status-publish","hentry"],"_links":{"self":[{"href":"https:\/\/s.idsl.pl\/index.php?rest_route=\/wp\/v2\/pages\/172","targetHints":{"allow":["GET"]}}],"collection":[{"href":"https:\/\/s.idsl.pl\/index.php?rest_route=\/wp\/v2\/pages"}],"about":[{"href":"https:\/\/s.idsl.pl\/index.php?rest_route=\/wp\/v2\/types\/page"}],"author":[{"embeddable":true,"href":"https:\/\/s.idsl.pl\/index.php?rest_route=\/wp\/v2\/users\/1"}],"replies":[{"embeddable":true,"href":"https:\/\/s.idsl.pl\/index.php?rest_route=%2Fwp%2Fv2%2Fcomments&post=172"}],"version-history":[{"count":1,"href":"https:\/\/s.idsl.pl\/index.php?rest_route=\/wp\/v2\/pages\/172\/revisions"}],"predecessor-version":[{"id":173,"href":"https:\/\/s.idsl.pl\/index.php?rest_route=\/wp\/v2\/pages\/172\/revisions\/173"}],"wp:attachment":[{"href":"https:\/\/s.idsl.pl\/index.php?rest_route=%2Fwp%2Fv2%2Fmedia&parent=172"}],"curies":[{"name":"wp","href":"https:\/\/api.w.org\/{rel}","templated":true}]}}