{"id":197,"date":"2021-06-18T11:36:23","date_gmt":"2021-06-18T09:36:23","guid":{"rendered":"https:\/\/s.idsl.pl\/?page_id=197"},"modified":"2021-06-18T11:36:23","modified_gmt":"2021-06-18T09:36:23","slug":"przenies-sie-lub-wznow","status":"publish","type":"page","link":"https:\/\/s.idsl.pl\/?page_id=197","title":{"rendered":"PRZENIE\u015a SI\u0118 LUB WZN\u00d3W"},"content":{"rendered":"<div>Przenie\u015b si\u0119 do nas, je\u015bli jeste\u015b niezadowolony, uczelnia przesta\u0142a ci si\u0119 podoba\u0107, masz bli\u017cej lub masz inne powody. U nas na pewno b\u0119dzie lepiej! Na dobry pocz\u0105tek oferujemy Ci 500 PLN zni\u017cki czesnego w 1 semestrze nauki*.<\/div>\n<div><\/div>\n<div>Wzn\u00f3w studia, je\u015bli aktualnie nie studiujesz, bo przerwa\u0142e\u015b nauk\u0119! U nas mo\u017cesz wznowi\u0107 studia nie trac\u0105c semestr\u00f3w, kt\u00f3re ju\u017c zaliczy\u0142e\u015b. Na pewno b\u0119dziesz zadowolony! Na dobry pocz\u0105tek oferujemy Ci 500 PLN zni\u017cki czesnego w 1 semestrze nauki*.<\/div>\n<div><\/div>\n<div>____<\/div>\n<ul>\n<li>Warunkiem uzyskania zni\u017cki jest podj\u0119cie nauki we wskazanej lokalizacji lub ON LINE<\/li>\n<\/ul>\n","protected":false},"excerpt":{"rendered":"<p>Przenie\u015b si\u0119 do nas, je\u015bli jeste\u015b niezadowolony, uczelnia przesta\u0142a ci si\u0119 podoba\u0107, masz bli\u017cej lub masz inne powody. U nas<\/p>\n<p><a href=\"https:\/\/s.idsl.pl\/?page_id=197\" class=\"more-link\">Kontynuuj czytanie<span class=\"screen-reader-text\">PRZENIE\u015a SI\u0118 LUB WZN\u00d3W<\/span><\/a><\/p>\n","protected":false},"author":1,"featured_media":0,"parent":0,"menu_order":0,"comment_status":"closed","ping_status":"closed","template":"","meta":{"footnotes":""},"class_list":["post-197","page","type-page","status-publish","hentry"],"_links":{"self":[{"href":"https:\/\/s.idsl.pl\/index.php?rest_route=\/wp\/v2\/pages\/197","targetHints":{"allow":["GET"]}}],"collection":[{"href":"https:\/\/s.idsl.pl\/index.php?rest_route=\/wp\/v2\/pages"}],"about":[{"href":"https:\/\/s.idsl.pl\/index.php?rest_route=\/wp\/v2\/types\/page"}],"author":[{"embeddable":true,"href":"https:\/\/s.idsl.pl\/index.php?rest_route=\/wp\/v2\/users\/1"}],"replies":[{"embeddable":true,"href":"https:\/\/s.idsl.pl\/index.php?rest_route=%2Fwp%2Fv2%2Fcomments&post=197"}],"version-history":[{"count":1,"href":"https:\/\/s.idsl.pl\/index.php?rest_route=\/wp\/v2\/pages\/197\/revisions"}],"predecessor-version":[{"id":198,"href":"https:\/\/s.idsl.pl\/index.php?rest_route=\/wp\/v2\/pages\/197\/revisions\/198"}],"wp:attachment":[{"href":"https:\/\/s.idsl.pl\/index.php?rest_route=%2Fwp%2Fv2%2Fmedia&parent=197"}],"curies":[{"name":"wp","href":"https:\/\/api.w.org\/{rel}","templated":true}]}}