{"id":2,"date":"2021-06-12T09:51:23","date_gmt":"2021-06-12T07:51:23","guid":{"rendered":"http:\/\/s.idsl.pl\/?page_id=2"},"modified":"2021-06-18T13:58:17","modified_gmt":"2021-06-18T11:58:17","slug":"przykladowa-strona","status":"publish","type":"page","link":"https:\/\/s.idsl.pl\/","title":{"rendered":"LINGWISTYCZNE STUDIA WY\u017bSZE"},"content":{"rendered":"<div>\n<div><b>Nasza uczelnia prowadzi profesjonaln\u0105 edukacj\u0119 j\u0119zykow\u0105<\/b>.<\/div>\n<div>W ramach proponowanego kierunku studi\u00f3w (filologia) kszta\u0142cimy cenionych na rynku pracy nauczycieli j\u0119zyk\u00f3w obcych i t\u0142umaczy. Realizowany program studi\u00f3w i wykwalifikowana kadra dydaktyczno-naukowa, w tym praktycy, zapewniaj\u0105 realizacj\u0119 zak\u0142adanych efekt\u00f3w kszta\u0142cenia dla profilu praktycznego. Nasze \u015bcie\u017cki kszta\u0142cenia uwzgl\u0119dniaj\u0105 zmieniaj\u0105c\u0105 si\u0119 sytuacj\u0119 na rynku pracy oraz najnowsze zdobycze nauk lingwistycznych.<\/div>\n<div><\/div>\n<div>Prowadzimy studia pierwszego i drugiego stopnia o profilu praktycznym w trybie stacjonarnym i niestacjonarnym oraz studia podyplomowe. Nasze studia prowadzimy w spos\u00f3b przyjaznym dla student\u00f3w na specjalno\u015bciach: anglistyka, germanistyka, romanistyka, iberystyka, italianistyka i rusycystyka.<\/div>\n<div><\/div>\n<div><b>W ramach studi\u00f3w pierwszego stopnia<\/b>\u00a0(licencjackich) oferujemy dwie specjalizacje:<\/div>\n<div>\u2022 Nauczyciel j\u0119zyka obcego,<\/div>\n<div>\u2022 T\u0142umacz tekst\u00f3w specjalistycznych.<\/div>\n<div>Absolwenci specjalizacji nauczycielskiej i \u0142\u0105czonej uzyskuj\u0105 uprawnienia do nauczania w przedszkolach i szko\u0142ach podstawowych (zgodnie z Rozporz\u0105dzeniem Ministra Nauki i Szkolnictwa Wy\u017cszego z dnia 25 lipca 2019 r. w sprawie standardu kszta\u0142cenia przygotowuj\u0105cego do wykonywania zawodu nauczyciela). Specjalizacja t\u0142umaczeniowa umo\u017cliwia zdobycie podstawowych umiej\u0119tno\u015bci translatorskich, rozwijan\u0105 nast\u0119pnie na studiach II stopnia i studiach podyplomowych. Po studiach I stopnia nasi absolwenci legitymuj\u0105 si\u0119 znajomo\u015bci\u0105 j\u0119zyka obcego na poziomie C1 (ESOKJ) oraz wysokimi kwalifikacjami zawodowymi. Dysponuj\u0105 r\u00f3wnie\u017c podstawow\u0105 wiedz\u0105, umiej\u0119tno\u015bciami i kompetencjami spo\u0142ecznymi z zakresu j\u0119zykoznawstwa (zw\u0142aszcza lingwistyki stosowanej), literaturoznawstwa i kulturoznawstwa.<\/div>\n<div><\/div>\n<div><b>W ramach studi\u00f3w drugiego stopnia\u00a0<\/b>(magisterskich) oferujemy dwie specjalizacje:<\/div>\n<div>\u2022 Lektor,<\/div>\n<div>\u2022 T\u0142umacz.<\/div>\n<div>Absolwenci i specjalizacji lektorskiej (z godnie z cytowanym wy\u017cej Rozporz\u0105dzeniem) uzyskuj\u0105 uprawnienia do nauczania w szko\u0142ach ponadpodstawowych (w tym w liceach wszystkich typ\u00f3w) i w szkolnictwie wy\u017cszym. Po studiach II stopnia legitymuj\u0105 si\u0119 znajomo\u015bci\u0105 j\u0119zyka na poziomie C2 (ESOKJ) oraz pog\u0142\u0119bion\u0105 wiedz\u0105, umiej\u0119tno\u015bciami i kompetencjami spo\u0142ecznymi w zakresie j\u0119zykoznawstwa (zw\u0142aszcza lingwistyki stosowanej), literaturoznawstwa i kulturoznawstwa.<\/div>\n<div><\/div>\n<div><b>Uczelnia prowadzi r\u00f3wnie\u017c studia podyplomowe\u00a0<\/b>dla nauczycieli j\u0119zyk\u00f3w obcych:<\/div>\n<div>J\u0119zyk obcy w edukacji przedszkolnej i wczesnoszkolnej<\/div>\n<div>J\u0119zyk \u0141aci\u0144ski klasyczny i ko\u015bcielny oraz kultura staro\u017cytnego Rzymu i Ko\u015bcio\u0142a<\/div>\n<div><\/div>\n<div>Dla wszystkich zainteresowanych zdobyciem rzetelnego i nowoczesnego wykszta\u0142cenia lingwistycznego nasze studia to na pewno w\u0142a\u015bciwy wyb\u00f3r.<\/div>\n<div><\/div>\n<div style=\"text-align: center;\"><span class='maxbutton-1-container mb-container'><a class=\"maxbutton-1 maxbutton maxbutton-zapisz-sie-na-studia\" title=\"Zapisz si\u0119 na studia\" href=\"https:\/\/zapisy.europejskauczelnia.edu.pl\/\"><span class='mb-text'>ZAPISZ SI\u0118 NA STUDIA<\/span><\/a><\/span><\/div>\n<\/div>\n<div><\/div>\n<div>\n<div><b>STUDIA LINGWISTYCZNE<\/b><\/div>\n<div><\/div>\n<div>Studia I stopnia (licencjackie)<\/div>\n<div>STUDIA LINGWISTYCZNE DOST\u0118PNE DLA WSZYSTKICH KANDYDAT\u00d3W NIEZALE\u017bNIE OD\u00a0POZIOMU ZNAJOMO\u015aCI J\u0118ZYKA OBCEGO<\/div>\n<div><\/div>\n<div><a href=\"https:\/\/s.idsl.pl\/?page_id=127\">ANGLISTYKA (filologia angielska)<\/a><\/div>\n<div><a href=\"https:\/\/s.idsl.pl\/?page_id=129\">GERMANISTYKA (filologia niemiecka)<\/a><\/div>\n<div><a href=\"https:\/\/s.idsl.pl\/?page_id=131\">ROMANISTYKA (filologia francuska)<\/a><\/div>\n<div><a href=\"https:\/\/s.idsl.pl\/?page_id=133\">IBERYSTYKA (filologia hiszpa\u0144ska<\/a><\/div>\n<div><a href=\"https:\/\/s.idsl.pl\/?page_id=135\">ITALIANISTYKA (filologia w\u0142oska)<\/a><\/div>\n<div><a href=\"https:\/\/s.idsl.pl\/?page_id=137\">RUSYCYSTYKA (filologia rosyjska)<\/a><\/div>\n<div><\/div>\n<div>Studia II stopnia (magisterskie)<\/div>\n<div>STUDIA LINGWISTYCZNE DOST\u0118PNE DLA WSZYSTKICH KANDYDAT\u00d3W NIEZALE\u017bNIE OD\u00a0UKO\u0143CZONEGO KIERUNKU STUDI\u00d3W I STOPNIA<\/div>\n<div><\/div>\n<div><a href=\"https:\/\/s.idsl.pl\/?page_id=155\">ANGLISTYKA (filologia angielska)<\/a><\/div>\n<div><a href=\"https:\/\/s.idsl.pl\/?page_id=157\">GERMANISTYKA (filologia niemiecka)<\/a><\/div>\n<div><a href=\"https:\/\/s.idsl.pl\/?page_id=159\">ROMANISTYKA (filologia francuska)<\/a><\/div>\n<div><a href=\"https:\/\/s.idsl.pl\/?page_id=161\">IBERYSTYKA (filologia hiszpa\u0144ska<\/a><\/div>\n<div><a href=\"https:\/\/s.idsl.pl\/?page_id=163\">ITALIANISTYKA (filologia w\u0142oska)<\/a><\/div>\n<div><a href=\"https:\/\/s.idsl.pl\/?page_id=165\">RUSYCYSTYKA (filologia rosyjska)<\/a><\/div>\n<\/div>\n<div><\/div>\n<div><\/div>\n<div>\n<div>\n<div><\/div>\n<div><a href=\"http:\/\/zapisy.europejskauczelnia.edu.pl\/\"><b>ZAPISY INTERNETOWE\u00a0<\/b><\/a><\/div>\n<div><\/div>\n<div><a href=\"https:\/\/s.idsl.pl\/?page_id=99\"><b>LOKALIZACJE ZAJ\u0118\u0106<\/b><\/a><\/div>\n<div><\/div>\n<div><a href=\"https:\/\/dziekanat.europejskauczelnia.edu.p\"><b>WIRTUALNY DZIEKANAT<\/b><\/a><\/div>\n<\/div>\n<\/div>\n","protected":false},"excerpt":{"rendered":"<p>Nasza uczelnia prowadzi profesjonaln\u0105 edukacj\u0119 j\u0119zykow\u0105. W ramach proponowanego kierunku studi\u00f3w (filologia) kszta\u0142cimy cenionych na rynku pracy nauczycieli j\u0119zyk\u00f3w obcych<\/p>\n<p><a href=\"https:\/\/s.idsl.pl\/\" class=\"more-link\">Kontynuuj czytanie<span class=\"screen-reader-text\">LINGWISTYCZNE STUDIA WY\u017bSZE<\/span><\/a><\/p>\n","protected":false},"author":1,"featured_media":0,"parent":0,"menu_order":0,"comment_status":"closed","ping_status":"open","template":"","meta":{"footnotes":""},"class_list":["post-2","page","type-page","status-publish","hentry"],"_links":{"self":[{"href":"https:\/\/s.idsl.pl\/index.php?rest_route=\/wp\/v2\/pages\/2","targetHints":{"allow":["GET"]}}],"collection":[{"href":"https:\/\/s.idsl.pl\/index.php?rest_route=\/wp\/v2\/pages"}],"about":[{"href":"https:\/\/s.idsl.pl\/index.php?rest_route=\/wp\/v2\/types\/page"}],"author":[{"embeddable":true,"href":"https:\/\/s.idsl.pl\/index.php?rest_route=\/wp\/v2\/users\/1"}],"replies":[{"embeddable":true,"href":"https:\/\/s.idsl.pl\/index.php?rest_route=%2Fwp%2Fv2%2Fcomments&post=2"}],"version-history":[{"count":8,"href":"https:\/\/s.idsl.pl\/index.php?rest_route=\/wp\/v2\/pages\/2\/revisions"}],"predecessor-version":[{"id":206,"href":"https:\/\/s.idsl.pl\/index.php?rest_route=\/wp\/v2\/pages\/2\/revisions\/206"}],"wp:attachment":[{"href":"https:\/\/s.idsl.pl\/index.php?rest_route=%2Fwp%2Fv2%2Fmedia&parent=2"}],"curies":[{"name":"wp","href":"https:\/\/api.w.org\/{rel}","templated":true}]}}