{"id":72,"date":"2021-06-12T11:15:17","date_gmt":"2021-06-12T09:15:17","guid":{"rendered":"https:\/\/s.idsl.pl\/?page_id=72"},"modified":"2021-06-21T11:33:04","modified_gmt":"2021-06-21T09:33:04","slug":"inne-studia","status":"publish","type":"page","link":"https:\/\/s.idsl.pl\/?page_id=72","title":{"rendered":"Inne Studia"},"content":{"rendered":"\r\n<p>Prowadzimy studia licencjackie, magisterskie, podyplomowe oraz kszta\u0142cenie specjalistyczne. Sprawd\u017a nasze:<\/p>\r\n<ul>\r\n<li>Studia administracyjne\r\n\r\n<\/li>\r\n<li>Studia ekonomiczne\r\n\r\n<\/li>\r\n<li>Studia finansowe\r\n\r\n<\/li>\r\n<li>Studia informatyczne\r\n\r\n<\/li>\r\n<li>Studia lingwistyczne\r\n\r\n<\/li>\r\n<li>Studia pedagogiczne\r\n\r\n<\/li>\r\n<li>Studia podyplomowe\r\n\r\n<\/li>\r\n<li>Kszta\u0142cenie specjalistyczne &#8211; r\u00f3wnie\u017c dla os\u00f3b bez matury<\/li>\r\n<\/ul>\r\n","protected":false},"excerpt":{"rendered":"<p>Prowadzimy studia licencjackie, magisterskie, podyplomowe oraz kszta\u0142cenie specjalistyczne. Sprawd\u017a nasze: Studia administracyjne Studia ekonomiczne Studia finansowe Studia informatyczne Studia lingwistyczne<\/p>\n<p><a href=\"https:\/\/s.idsl.pl\/?page_id=72\" class=\"more-link\">Kontynuuj czytanie<span class=\"screen-reader-text\">Inne Studia<\/span><\/a><\/p>\n","protected":false},"author":1,"featured_media":0,"parent":0,"menu_order":0,"comment_status":"closed","ping_status":"closed","template":"","meta":{"footnotes":""},"class_list":["post-72","page","type-page","status-publish","hentry"],"_links":{"self":[{"href":"https:\/\/s.idsl.pl\/index.php?rest_route=\/wp\/v2\/pages\/72","targetHints":{"allow":["GET"]}}],"collection":[{"href":"https:\/\/s.idsl.pl\/index.php?rest_route=\/wp\/v2\/pages"}],"about":[{"href":"https:\/\/s.idsl.pl\/index.php?rest_route=\/wp\/v2\/types\/page"}],"author":[{"embeddable":true,"href":"https:\/\/s.idsl.pl\/index.php?rest_route=\/wp\/v2\/users\/1"}],"replies":[{"embeddable":true,"href":"https:\/\/s.idsl.pl\/index.php?rest_route=%2Fwp%2Fv2%2Fcomments&post=72"}],"version-history":[{"count":5,"href":"https:\/\/s.idsl.pl\/index.php?rest_route=\/wp\/v2\/pages\/72\/revisions"}],"predecessor-version":[{"id":233,"href":"https:\/\/s.idsl.pl\/index.php?rest_route=\/wp\/v2\/pages\/72\/revisions\/233"}],"wp:attachment":[{"href":"https:\/\/s.idsl.pl\/index.php?rest_route=%2Fwp%2Fv2%2Fmedia&parent=72"}],"curies":[{"name":"wp","href":"https:\/\/api.w.org\/{rel}","templated":true}]}}