{"id":99,"date":"2021-06-15T16:07:47","date_gmt":"2021-06-15T14:07:47","guid":{"rendered":"https:\/\/s.idsl.pl\/?page_id=99"},"modified":"2021-06-21T10:51:01","modified_gmt":"2021-06-21T08:51:01","slug":"lokalizacja-zajec","status":"publish","type":"page","link":"https:\/\/s.idsl.pl\/?page_id=99","title":{"rendered":"Lokalizacja zaj\u0119\u0107"},"content":{"rendered":"<div>We wszystkich zaj\u0119ciach mo\u017cna uczestniczy\u0107 osobi\u015bcie (tradycyjnie) w wybranej lokalizacji oraz\/lub ON LINE (w spos\u00f3b zdalny za po\u015brednictwem TEAMS). Cz\u0119\u015b\u0107 zaj\u0119\u0107 mo\u017ce by\u0107 realizowania tylko ON LINE.<\/div>\n<div><\/div>\n<div><\/div>\n<div><strong>Modli\u0144ska 51<\/strong>, 03-199 Warszawa (A, Parking bezp\u0142atny).<\/div>\n<div><strong>Pa\u0142ac Kultury i Nauki, Plac Defilad 1<\/strong>, 00-901 Warszawa (PKP DC, M1, A, T, Parking p\u0142atny).<\/div>\n<div><strong>Gr\u00f3jecka 208<\/strong>, 02-120 Warszawa (A, T, Parking).<\/div>\n<div><strong>ON LINE &#8211; <\/strong>Dost\u0119pne z ca\u0142ego \u015bwiata.<\/div>\n","protected":false},"excerpt":{"rendered":"<p>We wszystkich zaj\u0119ciach mo\u017cna uczestniczy\u0107 osobi\u015bcie (tradycyjnie) w wybranej lokalizacji oraz\/lub ON LINE (w spos\u00f3b zdalny za po\u015brednictwem TEAMS). Cz\u0119\u015b\u0107<\/p>\n<p><a href=\"https:\/\/s.idsl.pl\/?page_id=99\" class=\"more-link\">Kontynuuj czytanie<span class=\"screen-reader-text\">Lokalizacja zaj\u0119\u0107<\/span><\/a><\/p>\n","protected":false},"author":1,"featured_media":0,"parent":0,"menu_order":0,"comment_status":"closed","ping_status":"closed","template":"","meta":{"footnotes":""},"class_list":["post-99","page","type-page","status-publish","hentry"],"_links":{"self":[{"href":"https:\/\/s.idsl.pl\/index.php?rest_route=\/wp\/v2\/pages\/99","targetHints":{"allow":["GET"]}}],"collection":[{"href":"https:\/\/s.idsl.pl\/index.php?rest_route=\/wp\/v2\/pages"}],"about":[{"href":"https:\/\/s.idsl.pl\/index.php?rest_route=\/wp\/v2\/types\/page"}],"author":[{"embeddable":true,"href":"https:\/\/s.idsl.pl\/index.php?rest_route=\/wp\/v2\/users\/1"}],"replies":[{"embeddable":true,"href":"https:\/\/s.idsl.pl\/index.php?rest_route=%2Fwp%2Fv2%2Fcomments&post=99"}],"version-history":[{"count":4,"href":"https:\/\/s.idsl.pl\/index.php?rest_route=\/wp\/v2\/pages\/99\/revisions"}],"predecessor-version":[{"id":222,"href":"https:\/\/s.idsl.pl\/index.php?rest_route=\/wp\/v2\/pages\/99\/revisions\/222"}],"wp:attachment":[{"href":"https:\/\/s.idsl.pl\/index.php?rest_route=%2Fwp%2Fv2%2Fmedia&parent=99"}],"curies":[{"name":"wp","href":"https:\/\/api.w.org\/{rel}","templated":true}]}}